{"id":14400,"date":"2017-09-12T19:56:48","date_gmt":"2017-09-12T19:56:48","guid":{"rendered":"https:\/\/landscaping.vamtam.com\/?page_id=14400"},"modified":"2023-08-03T10:57:11","modified_gmt":"2023-08-03T10:57:11","slug":"retailers","status":"publish","type":"page","link":"https:\/\/gardmex.com\/ru\/retailers\/","title":{"rendered":"\u0420\u043e\u0437\u043d\u0438\u0447\u043d\u0430\u044f \u0441\u0435\u0442\u044c"},"content":{"rendered":"<div class=\"vgblk-rw-wrapper limit-wrapper\">\n<h3>\n\t\u0420\u043e\u0437\u043d\u0438\u0447\u043d\u0430\u044f \u0441\u0435\u0442\u044c\n\t<\/h3>\n\t<p>\u041c\u042b \u0413\u041e\u0420\u0414\u0418\u041c\u0421\u042f \u0422\u0415\u0421\u041d\u042b\u041c\u0418 \u041e\u0422\u041d\u041e\u0428\u0415\u041d\u0418\u042f\u041c\u0418 \u0421 \u041d\u0410\u0428\u0418\u041c\u0418 \u0411\u0418\u0417\u041d\u0415\u0421-\u041f\u0410\u0420\u0422\u041d\u0415\u0420\u0410\u041c\u0418:<\/p>\n<p>JSC KESKO SENUKAI LITHUANIA<\/p>\n<p>JSC MAKVE\u017dA<\/p>\n<p>JSC AGROFIRMA S\u0116KLOS<\/p>\n<p>JSC DESTRA<\/p>\n<p>JSC JUPOJOS STATYBIN\u0116S MED\u017dIAGOS<\/p>\n<p>JSC ALPOKTEX<\/p>\n<p>JSC DEPO BALTICS<\/p>\n<p>JSC FAMIFLORA<\/p>\n<p>JSC LACOPLAST.IT S.R.L.<\/p>\n<p>JSC M\u0100JAI UN D\u0100RZAM<\/p>\n<p>JSC NORTENE HOME DEPOT<\/p>\n<p>and ETC.<\/p>\n\n<\/div><!-- .vgblk-rw-wrapper -->","protected":false},"excerpt":{"rendered":"<p>RETAILERS WE ARE PROUD OF ESTABLISHING A RELATIONSHIP WITH OUR BUSINESS PARTNERS: JSC KESKO SENUKAI LITHUANIA JSC MAKVE\u017dA JSC AGROFIRMA S\u0116KLOS JSC DESTRA JSC JUPOJOS STATYBIN\u0116S MED\u017dIAGOS JSC ALPOKTEX JSC DEPO BALTICS JSC FAMIFLORA JSC LACOPLAST.IT S.R.L. JSC M\u0100JAI UN D\u0100RZAM JSC NORTENE HOME DEPOT and ETC.<\/p>","protected":false},"author":1,"featured_media":0,"parent":0,"menu_order":0,"comment_status":"closed","ping_status":"closed","template":"","meta":{"om_disable_all_campaigns":false,"inline_featured_image":false,"_monsterinsights_skip_tracking":false,"_monsterinsights_sitenote_active":false,"_monsterinsights_sitenote_note":"","_monsterinsights_sitenote_category":0,"footnotes":""},"class_list":["post-14400","page","type-page","status-publish","hentry"],"aioseo_notices":[],"_links":{"self":[{"href":"https:\/\/gardmex.com\/ru\/wp-json\/wp\/v2\/pages\/14400","targetHints":{"allow":["GET"]}}],"collection":[{"href":"https:\/\/gardmex.com\/ru\/wp-json\/wp\/v2\/pages"}],"about":[{"href":"https:\/\/gardmex.com\/ru\/wp-json\/wp\/v2\/types\/page"}],"author":[{"embeddable":true,"href":"https:\/\/gardmex.com\/ru\/wp-json\/wp\/v2\/users\/1"}],"replies":[{"embeddable":true,"href":"https:\/\/gardmex.com\/ru\/wp-json\/wp\/v2\/comments?post=14400"}],"version-history":[{"count":7,"href":"https:\/\/gardmex.com\/ru\/wp-json\/wp\/v2\/pages\/14400\/revisions"}],"predecessor-version":[{"id":988184,"href":"https:\/\/gardmex.com\/ru\/wp-json\/wp\/v2\/pages\/14400\/revisions\/988184"}],"wp:attachment":[{"href":"https:\/\/gardmex.com\/ru\/wp-json\/wp\/v2\/media?parent=14400"}],"curies":[{"name":"wp","href":"https:\/\/api.w.org\/{rel}","templated":true}]}}